{"id":305,"date":"2021-12-24T07:48:46","date_gmt":"2021-12-24T10:48:46","guid":{"rendered":"https:\/\/demosites.royal-elementor-addons.com\/nature-v1\/?page_id=305"},"modified":"2025-03-25T09:09:48","modified_gmt":"2025-03-25T12:09:48","slug":"projects","status":"publish","type":"page","link":"https:\/\/hotelchacaradomosteiro.com.br\/?page_id=305","title":{"rendered":"Lazer"},"content":{"rendered":"\t\t<div data-elementor-type=\"wp-page\" data-elementor-id=\"305\" class=\"elementor elementor-305\" data-elementor-post-type=\"page\">\n\t\t\t\t\t\t<section class=\"elementor-section elementor-top-section elementor-element elementor-element-b679935 elementor-section-boxed elementor-section-height-default elementor-section-height-default wpr-particle-no wpr-jarallax-no wpr-parallax-no wpr-sticky-section-no\" data-id=\"b679935\" data-element_type=\"section\" data-settings=\"{&quot;background_background&quot;:&quot;classic&quot;}\">\n\t\t\t\t\t\t\t<div class=\"elementor-background-overlay\"><\/div>\n\t\t\t\t\t\t\t<div class=\"elementor-container elementor-column-gap-default\">\n\t\t\t\t\t<div class=\"elementor-column elementor-col-100 elementor-top-column elementor-element elementor-element-2fa5267\" data-id=\"2fa5267\" data-element_type=\"column\">\n\t\t\t<div class=\"elementor-widget-wrap elementor-element-populated\">\n\t\t\t\t\t\t<div class=\"elementor-element elementor-element-f1bf96d elementor-widget elementor-widget-heading\" data-id=\"f1bf96d\" data-element_type=\"widget\" data-widget_type=\"heading.default\">\n\t\t\t\t<div class=\"elementor-widget-container\">\n\t\t\t\t\t<h2 class=\"elementor-heading-title elementor-size-default\">Lazer<\/h2>\t\t\t\t<\/div>\n\t\t\t\t<\/div>\n\t\t\t\t\t<\/div>\n\t\t<\/div>\n\t\t\t\t\t<\/div>\n\t\t<\/section>\n\t\t<div class=\"elementor-element elementor-element-fd3b584 e-flex e-con-boxed wpr-particle-no wpr-jarallax-no wpr-parallax-no wpr-sticky-section-no e-con e-parent\" data-id=\"fd3b584\" data-element_type=\"container\">\n\t\t\t\t\t<div class=\"e-con-inner\">\n\t\t<div class=\"elementor-element elementor-element-4d38411 e-con-full e-flex wpr-particle-no wpr-jarallax-no wpr-parallax-no wpr-sticky-section-no e-con e-child\" data-id=\"4d38411\" data-element_type=\"container\">\n\t\t\t\t<div class=\"elementor-element elementor-element-30145ea elementor-widget elementor-widget-spacer\" data-id=\"30145ea\" data-element_type=\"widget\" data-widget_type=\"spacer.default\">\n\t\t\t\t<div class=\"elementor-widget-container\">\n\t\t\t\t\t\t\t<div class=\"elementor-spacer\">\n\t\t\t<div class=\"elementor-spacer-inner\"><\/div>\n\t\t<\/div>\n\t\t\t\t\t\t<\/div>\n\t\t\t\t<\/div>\n\t\t\t\t<div class=\"elementor-element elementor-element-f53f7bc elementor-widget elementor-widget-text-editor\" data-id=\"f53f7bc\" data-element_type=\"widget\" data-widget_type=\"text-editor.default\">\n\t\t\t\t<div class=\"elementor-widget-container\">\n\t\t\t\t\t\t\t\t\t<p>Os h\u00f3spedes do Hotel Ch\u00e1cara do Mosteiro tem a sua disposi\u00e7\u00e3o uma s\u00e9rie de \u00e1reas que proporcionam tranquilidade e relaxamento.<\/p>\t\t\t\t\t\t\t\t<\/div>\n\t\t\t\t<\/div>\n\t\t\t\t<\/div>\n\t\t<div class=\"elementor-element elementor-element-88b911e e-con-full e-flex wpr-particle-no wpr-jarallax-no wpr-parallax-no wpr-sticky-section-no e-con e-child\" data-id=\"88b911e\" data-element_type=\"container\">\n\t\t\t\t<div class=\"elementor-element elementor-element-728c424 gallery-spacing-custom elementor-widget elementor-widget-image-gallery\" data-id=\"728c424\" data-element_type=\"widget\" data-widget_type=\"image-gallery.default\">\n\t\t\t\t<div class=\"elementor-widget-container\">\n\t\t\t\t\t\t\t<div class=\"elementor-image-gallery\">\n\t\t\t<div id='gallery-1' class='gallery galleryid-305 gallery-columns-2 gallery-size-full'><figure class='gallery-item'>\n\t\t\t<div class='gallery-icon landscape'>\n\t\t\t\t<a data-elementor-open-lightbox=\"yes\" data-elementor-lightbox-slideshow=\"728c424\" data-elementor-lightbox-title=\"duo\" data-e-action-hash=\"#elementor-action%3Aaction%3Dlightbox%26settings%3DeyJpZCI6MTE5NywidXJsIjoiaHR0cHM6XC9cL2hvdGVsY2hhY2FyYWRvbW9zdGVpcm8uY29tLmJyXC93cC1jb250ZW50XC91cGxvYWRzXC8yMDI1XC8wM1wvZHVvLnBuZyIsInNsaWRlc2hvdyI6IjcyOGM0MjQifQ%3D%3D\" href='https:\/\/hotelchacaradomosteiro.com.br\/?attachment_id=1197'><img fetchpriority=\"high\" decoding=\"async\" width=\"1700\" height=\"1133\" src=\"https:\/\/hotelchacaradomosteiro.com.br\/wp-content\/uploads\/2025\/03\/duo.png\" class=\"attachment-full size-full\" alt=\"\" srcset=\"https:\/\/hotelchacaradomosteiro.com.br\/wp-content\/uploads\/2025\/03\/duo.png 1700w, https:\/\/hotelchacaradomosteiro.com.br\/wp-content\/uploads\/2025\/03\/duo-300x200.png 300w, https:\/\/hotelchacaradomosteiro.com.br\/wp-content\/uploads\/2025\/03\/duo-1024x682.png 1024w, https:\/\/hotelchacaradomosteiro.com.br\/wp-content\/uploads\/2025\/03\/duo-768x512.png 768w, https:\/\/hotelchacaradomosteiro.com.br\/wp-content\/uploads\/2025\/03\/duo-1536x1024.png 1536w\" sizes=\"(max-width: 1700px) 100vw, 1700px\" \/><\/a>\n\t\t\t<\/div><\/figure><figure class='gallery-item'>\n\t\t\t<div class='gallery-icon landscape'>\n\t\t\t\t<a data-elementor-open-lightbox=\"yes\" data-elementor-lightbox-slideshow=\"728c424\" data-elementor-lightbox-title=\"IMG_1853-1-scaled\" data-e-action-hash=\"#elementor-action%3Aaction%3Dlightbox%26settings%3DeyJpZCI6MTE5OSwidXJsIjoiaHR0cHM6XC9cL2hvdGVsY2hhY2FyYWRvbW9zdGVpcm8uY29tLmJyXC93cC1jb250ZW50XC91cGxvYWRzXC8yMDI1XC8wM1wvSU1HXzE4NTMtMS1zY2FsZWQtMS5qcGciLCJzbGlkZXNob3ciOiI3MjhjNDI0In0%3D\" href='https:\/\/hotelchacaradomosteiro.com.br\/?attachment_id=1199'><img decoding=\"async\" width=\"2560\" height=\"1707\" src=\"https:\/\/hotelchacaradomosteiro.com.br\/wp-content\/uploads\/2025\/03\/IMG_1853-1-scaled-1.jpg\" class=\"attachment-full size-full\" alt=\"\" srcset=\"https:\/\/hotelchacaradomosteiro.com.br\/wp-content\/uploads\/2025\/03\/IMG_1853-1-scaled-1.jpg 2560w, https:\/\/hotelchacaradomosteiro.com.br\/wp-content\/uploads\/2025\/03\/IMG_1853-1-scaled-1-300x200.jpg 300w, https:\/\/hotelchacaradomosteiro.com.br\/wp-content\/uploads\/2025\/03\/IMG_1853-1-scaled-1-1024x683.jpg 1024w, https:\/\/hotelchacaradomosteiro.com.br\/wp-content\/uploads\/2025\/03\/IMG_1853-1-scaled-1-768x512.jpg 768w, https:\/\/hotelchacaradomosteiro.com.br\/wp-content\/uploads\/2025\/03\/IMG_1853-1-scaled-1-1536x1024.jpg 1536w, https:\/\/hotelchacaradomosteiro.com.br\/wp-content\/uploads\/2025\/03\/IMG_1853-1-scaled-1-2048x1366.jpg 2048w\" sizes=\"(max-width: 2560px) 100vw, 2560px\" \/><\/a>\n\t\t\t<\/div><\/figure><figure class='gallery-item'>\n\t\t\t<div class='gallery-icon landscape'>\n\t\t\t\t<a data-elementor-open-lightbox=\"yes\" data-elementor-lightbox-slideshow=\"728c424\" data-elementor-lightbox-title=\"IMG_5248-scaled\" data-e-action-hash=\"#elementor-action%3Aaction%3Dlightbox%26settings%3DeyJpZCI6MTIwMCwidXJsIjoiaHR0cHM6XC9cL2hvdGVsY2hhY2FyYWRvbW9zdGVpcm8uY29tLmJyXC93cC1jb250ZW50XC91cGxvYWRzXC8yMDI1XC8wM1wvSU1HXzUyNDgtc2NhbGVkLTEuanBnIiwic2xpZGVzaG93IjoiNzI4YzQyNCJ9\" href='https:\/\/hotelchacaradomosteiro.com.br\/?attachment_id=1200'><img decoding=\"async\" width=\"2560\" height=\"1707\" src=\"https:\/\/hotelchacaradomosteiro.com.br\/wp-content\/uploads\/2025\/03\/IMG_5248-scaled-1.jpg\" class=\"attachment-full size-full\" alt=\"\" srcset=\"https:\/\/hotelchacaradomosteiro.com.br\/wp-content\/uploads\/2025\/03\/IMG_5248-scaled-1.jpg 2560w, https:\/\/hotelchacaradomosteiro.com.br\/wp-content\/uploads\/2025\/03\/IMG_5248-scaled-1-300x200.jpg 300w, https:\/\/hotelchacaradomosteiro.com.br\/wp-content\/uploads\/2025\/03\/IMG_5248-scaled-1-1024x683.jpg 1024w, https:\/\/hotelchacaradomosteiro.com.br\/wp-content\/uploads\/2025\/03\/IMG_5248-scaled-1-768x512.jpg 768w, https:\/\/hotelchacaradomosteiro.com.br\/wp-content\/uploads\/2025\/03\/IMG_5248-scaled-1-1536x1024.jpg 1536w, https:\/\/hotelchacaradomosteiro.com.br\/wp-content\/uploads\/2025\/03\/IMG_5248-scaled-1-2048x1366.jpg 2048w\" sizes=\"(max-width: 2560px) 100vw, 2560px\" \/><\/a>\n\t\t\t<\/div><\/figure><figure class='gallery-item'>\n\t\t\t<div class='gallery-icon landscape'>\n\t\t\t\t<a data-elementor-open-lightbox=\"yes\" data-elementor-lightbox-slideshow=\"728c424\" data-elementor-lightbox-title=\"IMG_5275-scaled\" data-e-action-hash=\"#elementor-action%3Aaction%3Dlightbox%26settings%3DeyJpZCI6MTIwMSwidXJsIjoiaHR0cHM6XC9cL2hvdGVsY2hhY2FyYWRvbW9zdGVpcm8uY29tLmJyXC93cC1jb250ZW50XC91cGxvYWRzXC8yMDI1XC8wM1wvSU1HXzUyNzUtc2NhbGVkLTEuanBnIiwic2xpZGVzaG93IjoiNzI4YzQyNCJ9\" href='https:\/\/hotelchacaradomosteiro.com.br\/?attachment_id=1201'><img loading=\"lazy\" decoding=\"async\" width=\"2560\" height=\"1707\" src=\"https:\/\/hotelchacaradomosteiro.com.br\/wp-content\/uploads\/2025\/03\/IMG_5275-scaled-1.jpg\" class=\"attachment-full size-full\" alt=\"\" srcset=\"https:\/\/hotelchacaradomosteiro.com.br\/wp-content\/uploads\/2025\/03\/IMG_5275-scaled-1.jpg 2560w, https:\/\/hotelchacaradomosteiro.com.br\/wp-content\/uploads\/2025\/03\/IMG_5275-scaled-1-300x200.jpg 300w, https:\/\/hotelchacaradomosteiro.com.br\/wp-content\/uploads\/2025\/03\/IMG_5275-scaled-1-1024x683.jpg 1024w, https:\/\/hotelchacaradomosteiro.com.br\/wp-content\/uploads\/2025\/03\/IMG_5275-scaled-1-768x512.jpg 768w, https:\/\/hotelchacaradomosteiro.com.br\/wp-content\/uploads\/2025\/03\/IMG_5275-scaled-1-1536x1024.jpg 1536w, https:\/\/hotelchacaradomosteiro.com.br\/wp-content\/uploads\/2025\/03\/IMG_5275-scaled-1-2048x1366.jpg 2048w\" sizes=\"(max-width: 2560px) 100vw, 2560px\" \/><\/a>\n\t\t\t<\/div><\/figure><figure class='gallery-item'>\n\t\t\t<div class='gallery-icon landscape'>\n\t\t\t\t<a data-elementor-open-lightbox=\"yes\" data-elementor-lightbox-slideshow=\"728c424\" data-elementor-lightbox-title=\"IMG_5279-1\" data-e-action-hash=\"#elementor-action%3Aaction%3Dlightbox%26settings%3DeyJpZCI6MTIwMywidXJsIjoiaHR0cHM6XC9cL2hvdGVsY2hhY2FyYWRvbW9zdGVpcm8uY29tLmJyXC93cC1jb250ZW50XC91cGxvYWRzXC8yMDI1XC8wM1wvSU1HXzUyNzktMS5wbmciLCJzbGlkZXNob3ciOiI3MjhjNDI0In0%3D\" href='https:\/\/hotelchacaradomosteiro.com.br\/?attachment_id=1203'><img loading=\"lazy\" decoding=\"async\" width=\"5184\" height=\"3456\" src=\"https:\/\/hotelchacaradomosteiro.com.br\/wp-content\/uploads\/2025\/03\/IMG_5279-1.png\" class=\"attachment-full size-full\" alt=\"\" srcset=\"https:\/\/hotelchacaradomosteiro.com.br\/wp-content\/uploads\/2025\/03\/IMG_5279-1.png 5184w, https:\/\/hotelchacaradomosteiro.com.br\/wp-content\/uploads\/2025\/03\/IMG_5279-1-300x200.png 300w, https:\/\/hotelchacaradomosteiro.com.br\/wp-content\/uploads\/2025\/03\/IMG_5279-1-1024x683.png 1024w, https:\/\/hotelchacaradomosteiro.com.br\/wp-content\/uploads\/2025\/03\/IMG_5279-1-768x512.png 768w, https:\/\/hotelchacaradomosteiro.com.br\/wp-content\/uploads\/2025\/03\/IMG_5279-1-1536x1024.png 1536w, https:\/\/hotelchacaradomosteiro.com.br\/wp-content\/uploads\/2025\/03\/IMG_5279-1-2048x1365.png 2048w\" sizes=\"(max-width: 5184px) 100vw, 5184px\" \/><\/a>\n\t\t\t<\/div><\/figure><figure class='gallery-item'>\n\t\t\t<div class='gallery-icon landscape'>\n\t\t\t\t<a data-elementor-open-lightbox=\"yes\" data-elementor-lightbox-slideshow=\"728c424\" data-elementor-lightbox-title=\"P\t:\" data-e-action-hash=\"#elementor-action%3Aaction%3Dlightbox%26settings%3DeyJpZCI6MTIwNCwidXJsIjoiaHR0cHM6XC9cL2hvdGVsY2hhY2FyYWRvbW9zdGVpcm8uY29tLmJyXC93cC1jb250ZW50XC91cGxvYWRzXC8yMDI1XC8wM1wvam52X0lNMUdfNTI1My5qcGciLCJzbGlkZXNob3ciOiI3MjhjNDI0In0%3D\" href='https:\/\/hotelchacaradomosteiro.com.br\/?attachment_id=1204'><img loading=\"lazy\" decoding=\"async\" width=\"1700\" height=\"1134\" src=\"https:\/\/hotelchacaradomosteiro.com.br\/wp-content\/uploads\/2025\/03\/jnv_IM1G_5253.jpg\" class=\"attachment-full size-full\" alt=\"\" aria-describedby=\"gallery-1-1204\" srcset=\"https:\/\/hotelchacaradomosteiro.com.br\/wp-content\/uploads\/2025\/03\/jnv_IM1G_5253.jpg 1700w, https:\/\/hotelchacaradomosteiro.com.br\/wp-content\/uploads\/2025\/03\/jnv_IM1G_5253-300x200.jpg 300w, https:\/\/hotelchacaradomosteiro.com.br\/wp-content\/uploads\/2025\/03\/jnv_IM1G_5253-1024x683.jpg 1024w, https:\/\/hotelchacaradomosteiro.com.br\/wp-content\/uploads\/2025\/03\/jnv_IM1G_5253-768x512.jpg 768w, https:\/\/hotelchacaradomosteiro.com.br\/wp-content\/uploads\/2025\/03\/jnv_IM1G_5253-1536x1025.jpg 1536w\" sizes=\"(max-width: 1700px) 100vw, 1700px\" \/><\/a>\n\t\t\t<\/div>\n\t\t\t\t<figcaption class='wp-caption-text gallery-caption' id='gallery-1-1204'>\n\t\t\t\tP\t:\n\t\t\t\t<\/figcaption><\/figure><figure class='gallery-item'>\n\t\t\t<div class='gallery-icon landscape'>\n\t\t\t\t<a data-elementor-open-lightbox=\"yes\" data-elementor-lightbox-slideshow=\"728c424\" data-elementor-lightbox-title=\"P??\" data-e-action-hash=\"#elementor-action%3Aaction%3Dlightbox%26settings%3DeyJpZCI6MTIwNSwidXJsIjoiaHR0cHM6XC9cL2hvdGVsY2hhY2FyYWRvbW9zdGVpcm8uY29tLmJyXC93cC1jb250ZW50XC91cGxvYWRzXC8yMDI1XC8wM1wvbm92bzIwMTkwNjA5MTUxMTIxNDQxNzExLmpwZyIsInNsaWRlc2hvdyI6IjcyOGM0MjQifQ%3D%3D\" href='https:\/\/hotelchacaradomosteiro.com.br\/?attachment_id=1205'><img loading=\"lazy\" decoding=\"async\" width=\"1700\" height=\"1132\" src=\"https:\/\/hotelchacaradomosteiro.com.br\/wp-content\/uploads\/2025\/03\/novo20190609151121441711.jpg\" class=\"attachment-full size-full\" alt=\"\" aria-describedby=\"gallery-1-1205\" srcset=\"https:\/\/hotelchacaradomosteiro.com.br\/wp-content\/uploads\/2025\/03\/novo20190609151121441711.jpg 1700w, https:\/\/hotelchacaradomosteiro.com.br\/wp-content\/uploads\/2025\/03\/novo20190609151121441711-300x200.jpg 300w, https:\/\/hotelchacaradomosteiro.com.br\/wp-content\/uploads\/2025\/03\/novo20190609151121441711-1024x682.jpg 1024w, https:\/\/hotelchacaradomosteiro.com.br\/wp-content\/uploads\/2025\/03\/novo20190609151121441711-768x511.jpg 768w, https:\/\/hotelchacaradomosteiro.com.br\/wp-content\/uploads\/2025\/03\/novo20190609151121441711-1536x1023.jpg 1536w\" sizes=\"(max-width: 1700px) 100vw, 1700px\" \/><\/a>\n\t\t\t<\/div>\n\t\t\t\t<figcaption class='wp-caption-text gallery-caption' id='gallery-1-1205'>\n\t\t\t\tP??\n\t\t\t\t<\/figcaption><\/figure><figure class='gallery-item'>\n\t\t\t<div class='gallery-icon landscape'>\n\t\t\t\t<a data-elementor-open-lightbox=\"yes\" data-elementor-lightbox-slideshow=\"728c424\" data-elementor-lightbox-title=\"nv_IMG_51255\" data-e-action-hash=\"#elementor-action%3Aaction%3Dlightbox%26settings%3DeyJpZCI6MTIwNiwidXJsIjoiaHR0cHM6XC9cL2hvdGVsY2hhY2FyYWRvbW9zdGVpcm8uY29tLmJyXC93cC1jb250ZW50XC91cGxvYWRzXC8yMDI1XC8wM1wvbnZfSU1HXzUxMjU1LmpwZyIsInNsaWRlc2hvdyI6IjcyOGM0MjQifQ%3D%3D\" href='https:\/\/hotelchacaradomosteiro.com.br\/?attachment_id=1206'><img loading=\"lazy\" decoding=\"async\" width=\"1700\" height=\"1133\" src=\"https:\/\/hotelchacaradomosteiro.com.br\/wp-content\/uploads\/2025\/03\/nv_IMG_51255.jpg\" class=\"attachment-full size-full\" alt=\"\" srcset=\"https:\/\/hotelchacaradomosteiro.com.br\/wp-content\/uploads\/2025\/03\/nv_IMG_51255.jpg 1700w, https:\/\/hotelchacaradomosteiro.com.br\/wp-content\/uploads\/2025\/03\/nv_IMG_51255-300x200.jpg 300w, https:\/\/hotelchacaradomosteiro.com.br\/wp-content\/uploads\/2025\/03\/nv_IMG_51255-1024x682.jpg 1024w, https:\/\/hotelchacaradomosteiro.com.br\/wp-content\/uploads\/2025\/03\/nv_IMG_51255-768x512.jpg 768w, https:\/\/hotelchacaradomosteiro.com.br\/wp-content\/uploads\/2025\/03\/nv_IMG_51255-1536x1024.jpg 1536w\" sizes=\"(max-width: 1700px) 100vw, 1700px\" \/><\/a>\n\t\t\t<\/div><\/figure><figure class='gallery-item'>\n\t\t\t<div class='gallery-icon landscape'>\n\t\t\t\t<a data-elementor-open-lightbox=\"yes\" data-elementor-lightbox-slideshow=\"728c424\" data-elementor-lightbox-title=\"tetra\" data-e-action-hash=\"#elementor-action%3Aaction%3Dlightbox%26settings%3DeyJpZCI6MTIwNywidXJsIjoiaHR0cHM6XC9cL2hvdGVsY2hhY2FyYWRvbW9zdGVpcm8uY29tLmJyXC93cC1jb250ZW50XC91cGxvYWRzXC8yMDI1XC8wM1wvdGV0cmEucG5nIiwic2xpZGVzaG93IjoiNzI4YzQyNCJ9\" href='https:\/\/hotelchacaradomosteiro.com.br\/?attachment_id=1207'><img loading=\"lazy\" decoding=\"async\" width=\"1700\" height=\"1133\" src=\"https:\/\/hotelchacaradomosteiro.com.br\/wp-content\/uploads\/2025\/03\/tetra.png\" class=\"attachment-full size-full\" alt=\"\" srcset=\"https:\/\/hotelchacaradomosteiro.com.br\/wp-content\/uploads\/2025\/03\/tetra.png 1700w, https:\/\/hotelchacaradomosteiro.com.br\/wp-content\/uploads\/2025\/03\/tetra-300x200.png 300w, https:\/\/hotelchacaradomosteiro.com.br\/wp-content\/uploads\/2025\/03\/tetra-1024x682.png 1024w, https:\/\/hotelchacaradomosteiro.com.br\/wp-content\/uploads\/2025\/03\/tetra-768x512.png 768w, https:\/\/hotelchacaradomosteiro.com.br\/wp-content\/uploads\/2025\/03\/tetra-1536x1024.png 1536w\" sizes=\"(max-width: 1700px) 100vw, 1700px\" \/><\/a>\n\t\t\t<\/div><\/figure><figure class='gallery-item'>\n\t\t\t<div class='gallery-icon landscape'>\n\t\t\t\t<a data-elementor-open-lightbox=\"yes\" data-elementor-lightbox-slideshow=\"728c424\" data-elementor-lightbox-title=\"Varanda-B324\" data-e-action-hash=\"#elementor-action%3Aaction%3Dlightbox%26settings%3DeyJpZCI6MTIwOCwidXJsIjoiaHR0cHM6XC9cL2hvdGVsY2hhY2FyYWRvbW9zdGVpcm8uY29tLmJyXC93cC1jb250ZW50XC91cGxvYWRzXC8yMDI1XC8wM1wvVmFyYW5kYS1CMzI0LTEucG5nIiwic2xpZGVzaG93IjoiNzI4YzQyNCJ9\" href='https:\/\/hotelchacaradomosteiro.com.br\/?attachment_id=1208'><img loading=\"lazy\" decoding=\"async\" width=\"1700\" height=\"1133\" src=\"https:\/\/hotelchacaradomosteiro.com.br\/wp-content\/uploads\/2025\/03\/Varanda-B324-1.png\" class=\"attachment-full size-full\" alt=\"\" srcset=\"https:\/\/hotelchacaradomosteiro.com.br\/wp-content\/uploads\/2025\/03\/Varanda-B324-1.png 1700w, https:\/\/hotelchacaradomosteiro.com.br\/wp-content\/uploads\/2025\/03\/Varanda-B324-1-300x200.png 300w, https:\/\/hotelchacaradomosteiro.com.br\/wp-content\/uploads\/2025\/03\/Varanda-B324-1-1024x682.png 1024w, https:\/\/hotelchacaradomosteiro.com.br\/wp-content\/uploads\/2025\/03\/Varanda-B324-1-768x512.png 768w, https:\/\/hotelchacaradomosteiro.com.br\/wp-content\/uploads\/2025\/03\/Varanda-B324-1-1536x1024.png 1536w\" sizes=\"(max-width: 1700px) 100vw, 1700px\" \/><\/a>\n\t\t\t<\/div><\/figure><figure class='gallery-item'>\n\t\t\t<div class='gallery-icon portrait'>\n\t\t\t\t<a data-elementor-open-lightbox=\"yes\" data-elementor-lightbox-slideshow=\"728c424\" data-elementor-lightbox-title=\"gazebo-luz\" data-e-action-hash=\"#elementor-action%3Aaction%3Dlightbox%26settings%3DeyJpZCI6MTE5OCwidXJsIjoiaHR0cHM6XC9cL2hvdGVsY2hhY2FyYWRvbW9zdGVpcm8uY29tLmJyXC93cC1jb250ZW50XC91cGxvYWRzXC8yMDI1XC8wM1wvZ2F6ZWJvLWx1ei0xLmpwZyIsInNsaWRlc2hvdyI6IjcyOGM0MjQifQ%3D%3D\" href='https:\/\/hotelchacaradomosteiro.com.br\/?attachment_id=1198'><img loading=\"lazy\" decoding=\"async\" width=\"600\" height=\"902\" src=\"https:\/\/hotelchacaradomosteiro.com.br\/wp-content\/uploads\/2025\/03\/gazebo-luz-1.jpg\" class=\"attachment-full size-full\" alt=\"\" srcset=\"https:\/\/hotelchacaradomosteiro.com.br\/wp-content\/uploads\/2025\/03\/gazebo-luz-1.jpg 600w, https:\/\/hotelchacaradomosteiro.com.br\/wp-content\/uploads\/2025\/03\/gazebo-luz-1-200x300.jpg 200w\" sizes=\"(max-width: 600px) 100vw, 600px\" \/><\/a>\n\t\t\t<\/div><\/figure>\n\t\t<\/div>\n\t\t<\/div>\n\t\t\t\t\t\t<\/div>\n\t\t\t\t<\/div>\n\t\t\t\t<\/div>\n\t\t\t\t\t<\/div>\n\t\t\t\t<\/div>\n\t\t<div class=\"elementor-element elementor-element-2fb5b44 e-flex e-con-boxed wpr-particle-no wpr-jarallax-no wpr-parallax-no wpr-sticky-section-no e-con e-parent\" data-id=\"2fb5b44\" data-element_type=\"container\">\n\t\t\t\t\t<div class=\"e-con-inner\">\n\t\t\t\t<div class=\"elementor-element elementor-element-bb8e9ac elementor-widget elementor-widget-spacer\" data-id=\"bb8e9ac\" data-element_type=\"widget\" data-widget_type=\"spacer.default\">\n\t\t\t\t<div class=\"elementor-widget-container\">\n\t\t\t\t\t\t\t<div class=\"elementor-spacer\">\n\t\t\t<div class=\"elementor-spacer-inner\"><\/div>\n\t\t<\/div>\n\t\t\t\t\t\t<\/div>\n\t\t\t\t<\/div>\n\t\t\t\t\t<\/div>\n\t\t\t\t<\/div>\n\t\t\t\t<\/div>\n\t\t","protected":false},"excerpt":{"rendered":"<p>Lazer Os h\u00f3spedes do Hotel Ch\u00e1cara do Mosteiro tem a sua disposi\u00e7\u00e3o uma s\u00e9rie de \u00e1reas que proporcionam tranquilidade e relaxamento. P : P??<\/p>\n","protected":false},"author":1,"featured_media":0,"parent":0,"menu_order":0,"comment_status":"closed","ping_status":"closed","template":"elementor_canvas","meta":{"footnotes":""},"class_list":["post-305","page","type-page","status-publish","hentry"],"_links":{"self":[{"href":"https:\/\/hotelchacaradomosteiro.com.br\/index.php?rest_route=\/wp\/v2\/pages\/305","targetHints":{"allow":["GET"]}}],"collection":[{"href":"https:\/\/hotelchacaradomosteiro.com.br\/index.php?rest_route=\/wp\/v2\/pages"}],"about":[{"href":"https:\/\/hotelchacaradomosteiro.com.br\/index.php?rest_route=\/wp\/v2\/types\/page"}],"author":[{"embeddable":true,"href":"https:\/\/hotelchacaradomosteiro.com.br\/index.php?rest_route=\/wp\/v2\/users\/1"}],"replies":[{"embeddable":true,"href":"https:\/\/hotelchacaradomosteiro.com.br\/index.php?rest_route=%2Fwp%2Fv2%2Fcomments&post=305"}],"version-history":[{"count":48,"href":"https:\/\/hotelchacaradomosteiro.com.br\/index.php?rest_route=\/wp\/v2\/pages\/305\/revisions"}],"predecessor-version":[{"id":1220,"href":"https:\/\/hotelchacaradomosteiro.com.br\/index.php?rest_route=\/wp\/v2\/pages\/305\/revisions\/1220"}],"wp:attachment":[{"href":"https:\/\/hotelchacaradomosteiro.com.br\/index.php?rest_route=%2Fwp%2Fv2%2Fmedia&parent=305"}],"curies":[{"name":"wp","href":"https:\/\/api.w.org\/{rel}","templated":true}]}}